{"id":352,"date":"2021-01-04T14:30:39","date_gmt":"2021-01-04T13:30:39","guid":{"rendered":"https:\/\/acstyria.at\/?page_id=352"},"modified":"2021-04-07T13:52:20","modified_gmt":"2021-04-07T11:52:20","slug":"zahlen-daten-fakten","status":"publish","type":"page","link":"https:\/\/dev.acstyria.at\/en\/ueber-uns\/zahlen-daten-fakten\/","title":{"rendered":"Zahlen, Daten, Fakten"},"content":{"rendered":"\t\t<div data-elementor-type=\"wp-page\" data-elementor-id=\"352\" class=\"elementor elementor-352\" data-elementor-post-type=\"page\">\n\t\t\t\t\t\t<section class=\"elementor-section elementor-top-section elementor-element elementor-element-c27e76f elementor-section-full_width elementor-section-height-min-height elementor-section-height-default elementor-section-items-middle\" data-id=\"c27e76f\" data-element_type=\"section\" data-e-type=\"section\" data-settings=\"{&quot;jet_parallax_layout_list&quot;:[{&quot;jet_parallax_layout_image&quot;:{&quot;url&quot;:&quot;&quot;,&quot;id&quot;:&quot;&quot;,&quot;size&quot;:&quot;&quot;},&quot;_id&quot;:&quot;213f6e2&quot;,&quot;jet_parallax_layout_image_tablet&quot;:{&quot;url&quot;:&quot;&quot;,&quot;id&quot;:&quot;&quot;,&quot;size&quot;:&quot;&quot;},&quot;jet_parallax_layout_image_mobile&quot;:{&quot;url&quot;:&quot;&quot;,&quot;id&quot;:&quot;&quot;,&quot;size&quot;:&quot;&quot;},&quot;jet_parallax_layout_speed&quot;:{&quot;unit&quot;:&quot;%&quot;,&quot;size&quot;:50,&quot;sizes&quot;:[]},&quot;jet_parallax_layout_type&quot;:&quot;scroll&quot;,&quot;jet_parallax_layout_direction&quot;:&quot;1&quot;,&quot;jet_parallax_layout_fx_direction&quot;:null,&quot;jet_parallax_layout_z_index&quot;:&quot;&quot;,&quot;jet_parallax_layout_bg_x&quot;:50,&quot;jet_parallax_layout_bg_x_tablet&quot;:&quot;&quot;,&quot;jet_parallax_layout_bg_x_mobile&quot;:&quot;&quot;,&quot;jet_parallax_layout_bg_y&quot;:50,&quot;jet_parallax_layout_bg_y_tablet&quot;:&quot;&quot;,&quot;jet_parallax_layout_bg_y_mobile&quot;:&quot;&quot;,&quot;jet_parallax_layout_bg_size&quot;:&quot;auto&quot;,&quot;jet_parallax_layout_bg_size_tablet&quot;:&quot;&quot;,&quot;jet_parallax_layout_bg_size_mobile&quot;:&quot;&quot;,&quot;jet_parallax_layout_animation_prop&quot;:&quot;transform&quot;,&quot;jet_parallax_layout_on&quot;:[&quot;desktop&quot;,&quot;tablet&quot;]}],&quot;background_background&quot;:&quot;classic&quot;}\">\n\t\t\t\t\t\t<div class=\"elementor-container elementor-column-gap-default\">\n\t\t\t\t\t<div class=\"elementor-column elementor-col-100 elementor-top-column elementor-element elementor-element-ee28321\" data-id=\"ee28321\" data-element_type=\"column\" data-e-type=\"column\">\n\t\t\t<div class=\"elementor-widget-wrap\">\n\t\t\t\t\t\t\t<\/div>\n\t\t<\/div>\n\t\t\t\t\t<\/div>\n\t\t<\/section>\n\t\t\t\t<section class=\"elementor-section elementor-top-section elementor-element elementor-element-fcb9846 elementor-section-boxed elementor-section-height-default elementor-section-height-default\" data-id=\"fcb9846\" data-element_type=\"section\" data-e-type=\"section\" data-settings=\"{&quot;jet_parallax_layout_list&quot;:[{&quot;jet_parallax_layout_image&quot;:{&quot;url&quot;:&quot;&quot;,&quot;id&quot;:&quot;&quot;,&quot;size&quot;:&quot;&quot;},&quot;_id&quot;:&quot;4f7f4a3&quot;,&quot;jet_parallax_layout_image_tablet&quot;:{&quot;url&quot;:&quot;&quot;,&quot;id&quot;:&quot;&quot;,&quot;size&quot;:&quot;&quot;},&quot;jet_parallax_layout_image_mobile&quot;:{&quot;url&quot;:&quot;&quot;,&quot;id&quot;:&quot;&quot;,&quot;size&quot;:&quot;&quot;},&quot;jet_parallax_layout_speed&quot;:{&quot;unit&quot;:&quot;%&quot;,&quot;size&quot;:50,&quot;sizes&quot;:[]},&quot;jet_parallax_layout_type&quot;:&quot;scroll&quot;,&quot;jet_parallax_layout_direction&quot;:&quot;1&quot;,&quot;jet_parallax_layout_fx_direction&quot;:null,&quot;jet_parallax_layout_z_index&quot;:&quot;&quot;,&quot;jet_parallax_layout_bg_x&quot;:50,&quot;jet_parallax_layout_bg_x_tablet&quot;:&quot;&quot;,&quot;jet_parallax_layout_bg_x_mobile&quot;:&quot;&quot;,&quot;jet_parallax_layout_bg_y&quot;:50,&quot;jet_parallax_layout_bg_y_tablet&quot;:&quot;&quot;,&quot;jet_parallax_layout_bg_y_mobile&quot;:&quot;&quot;,&quot;jet_parallax_layout_bg_size&quot;:&quot;auto&quot;,&quot;jet_parallax_layout_bg_size_tablet&quot;:&quot;&quot;,&quot;jet_parallax_layout_bg_size_mobile&quot;:&quot;&quot;,&quot;jet_parallax_layout_animation_prop&quot;:&quot;transform&quot;,&quot;jet_parallax_layout_on&quot;:[&quot;desktop&quot;,&quot;tablet&quot;]}]}\">\n\t\t\t\t\t\t<div class=\"elementor-container elementor-column-gap-default\">\n\t\t\t\t\t<div class=\"elementor-column elementor-col-100 elementor-top-column elementor-element elementor-element-bd29f41\" data-id=\"bd29f41\" data-element_type=\"column\" data-e-type=\"column\">\n\t\t\t<div class=\"elementor-widget-wrap elementor-element-populated\">\n\t\t\t\t\t\t<div class=\"elementor-element elementor-element-931e301 elementor-widget elementor-widget-spacer\" data-id=\"931e301\" data-element_type=\"widget\" data-e-type=\"widget\" data-widget_type=\"spacer.default\">\n\t\t\t\t<div class=\"elementor-widget-container\">\n\t\t\t\t\t\t\t<div class=\"elementor-spacer\">\n\t\t\t<div class=\"elementor-spacer-inner\"><\/div>\n\t\t<\/div>\n\t\t\t\t\t\t<\/div>\n\t\t\t\t<\/div>\n\t\t\t\t<div class=\"elementor-element elementor-element-254079a elementor-widget elementor-widget-heading\" data-id=\"254079a\" data-element_type=\"widget\" data-e-type=\"widget\" data-widget_type=\"heading.default\">\n\t\t\t\t<div class=\"elementor-widget-container\">\n\t\t\t\t\t<h2 class=\"elementor-heading-title elementor-size-default\">\u00dcBER DEN ACSTYRIA<\/h2>\t\t\t\t<\/div>\n\t\t\t\t<\/div>\n\t\t\t\t\t<\/div>\n\t\t<\/div>\n\t\t\t\t\t<\/div>\n\t\t<\/section>\n\t\t\t\t<section class=\"elementor-section elementor-top-section elementor-element elementor-element-014c776 elementor-section-boxed elementor-section-height-default elementor-section-height-default\" data-id=\"014c776\" data-element_type=\"section\" data-e-type=\"section\" data-settings=\"{&quot;jet_parallax_layout_list&quot;:[{&quot;jet_parallax_layout_image&quot;:{&quot;url&quot;:&quot;&quot;,&quot;id&quot;:&quot;&quot;,&quot;size&quot;:&quot;&quot;},&quot;_id&quot;:&quot;dd5e409&quot;,&quot;jet_parallax_layout_image_tablet&quot;:{&quot;url&quot;:&quot;&quot;,&quot;id&quot;:&quot;&quot;,&quot;size&quot;:&quot;&quot;},&quot;jet_parallax_layout_image_mobile&quot;:{&quot;url&quot;:&quot;&quot;,&quot;id&quot;:&quot;&quot;,&quot;size&quot;:&quot;&quot;},&quot;jet_parallax_layout_speed&quot;:{&quot;unit&quot;:&quot;%&quot;,&quot;size&quot;:50,&quot;sizes&quot;:[]},&quot;jet_parallax_layout_type&quot;:&quot;scroll&quot;,&quot;jet_parallax_layout_direction&quot;:&quot;1&quot;,&quot;jet_parallax_layout_fx_direction&quot;:null,&quot;jet_parallax_layout_z_index&quot;:&quot;&quot;,&quot;jet_parallax_layout_bg_x&quot;:50,&quot;jet_parallax_layout_bg_x_tablet&quot;:&quot;&quot;,&quot;jet_parallax_layout_bg_x_mobile&quot;:&quot;&quot;,&quot;jet_parallax_layout_bg_y&quot;:50,&quot;jet_parallax_layout_bg_y_tablet&quot;:&quot;&quot;,&quot;jet_parallax_layout_bg_y_mobile&quot;:&quot;&quot;,&quot;jet_parallax_layout_bg_size&quot;:&quot;auto&quot;,&quot;jet_parallax_layout_bg_size_tablet&quot;:&quot;&quot;,&quot;jet_parallax_layout_bg_size_mobile&quot;:&quot;&quot;,&quot;jet_parallax_layout_animation_prop&quot;:&quot;transform&quot;,&quot;jet_parallax_layout_on&quot;:[&quot;desktop&quot;,&quot;tablet&quot;]}]}\">\n\t\t\t\t\t\t<div class=\"elementor-container elementor-column-gap-default\">\n\t\t\t\t\t<div class=\"elementor-column elementor-col-50 elementor-top-column elementor-element elementor-element-7363c95\" data-id=\"7363c95\" data-element_type=\"column\" data-e-type=\"column\">\n\t\t\t<div class=\"elementor-widget-wrap elementor-element-populated\">\n\t\t\t\t\t\t<div class=\"elementor-element elementor-element-805f7db elementor-widget elementor-widget-text-editor\" data-id=\"805f7db\" data-element_type=\"widget\" data-e-type=\"widget\" data-widget_type=\"text-editor.default\">\n\t\t\t\t<div class=\"elementor-widget-container\">\n\t\t\t\t\t\t\t\t\t<p><b>WER WIR SIND<\/b><\/p><p>Der Mobilit\u00e4tscluster ACstyria repr\u00e4sentiert ein Netzwerk von <b>\u00fcber 300 Unternehmen<\/b> in den Bereichen <b>Automotive<\/b>, <b>Aerospace<\/b> und <b>Rail Systems<\/b> \u2013 mit \u00fcber 70.000 Mitarbeitern und einem Gesamtumsatz von mehr als <b>17 Milliarden Euro<\/b>.\u00a0<\/p><p>Kernleistung des seit 1995 bestehenden Clusters ist die Vernetzung und Unterst\u00fctzung steirischer Unternehmen entlang der gesamten Wertsch\u00f6pfungskette. Er versteht sich dabei als Bindeglied zwischen Wirtschaft, Industrie, Forschung und \u00f6ffentlichen Einrichtungen.<\/p>\t\t\t\t\t\t\t\t<\/div>\n\t\t\t\t<\/div>\n\t\t\t\t\t<\/div>\n\t\t<\/div>\n\t\t\t\t<div class=\"elementor-column elementor-col-50 elementor-top-column elementor-element elementor-element-2ca1c90\" data-id=\"2ca1c90\" data-element_type=\"column\" data-e-type=\"column\">\n\t\t\t<div class=\"elementor-widget-wrap elementor-element-populated\">\n\t\t\t\t\t\t<div class=\"elementor-element elementor-element-4daeb1c elementor-widget elementor-widget-text-editor\" data-id=\"4daeb1c\" data-element_type=\"widget\" data-e-type=\"widget\" data-widget_type=\"text-editor.default\">\n\t\t\t\t<div class=\"elementor-widget-container\">\n\t\t\t\t\t\t\t\t\t<p><b>WIRTSCHAFTLICHE BEDEUTUNG<\/b><\/p>\n<ul>\n<li><span style=\"color: var( --e-global-color-text ); font-family: var( --e-global-typography-text-font-family ), Sans-serif; font-size: var( --e-global-typography-text-font-size ); font-weight: var( --e-global-typography-text-font-weight ); letter-spacing: 0px;\">Die steirische Automobilindustrie ist mit einem Gesamtanteil von 31% und einem Warenwert von \u00fcber 8. Mrd. \u20ac <\/span><span style=\"color: var( --e-global-color-text ); font-family: var( --e-global-typography-text-font-family ), Sans-serif; font-size: var( --e-global-typography-text-font-size ); letter-spacing: 0px;\"><b>Export-Spitzenreiter der Steiermark<\/b><\/span><span style=\"color: var( --e-global-color-text ); font-family: var( --e-global-typography-text-font-family ), Sans-serif; font-size: var( --e-global-typography-text-font-size ); font-weight: var( --e-global-typography-text-font-weight ); letter-spacing: 0px;\">.<br><br><\/span><\/li>\n<li><span style=\"color: var( --e-global-color-text ); font-family: var( --e-global-typography-text-font-family ), Sans-serif; font-size: var( --e-global-typography-text-font-size ); font-weight: var( --e-global-typography-text-font-weight ); letter-spacing: 0px;\">\u00dcber 300 Betriebe und 70.000 Mitarbeiterinnen und Mitarbeiter erwirtschaften j\u00e4hrlich rund 17 Mrd. \u20ac.<br><br><\/span><\/li>\n<li><span style=\"color: var( --e-global-color-text ); font-family: var( --e-global-typography-text-font-family ), Sans-serif; font-size: var( --e-global-typography-text-font-size ); font-weight: var( --e-global-typography-text-font-weight ); letter-spacing: 0px;\">Am BRP (Bruttoregionalprodukt) der Steiermark hat die Automobilindustrie einen Gesamtanteil von 24 % \u2013 <\/span><span style=\"color: var( --e-global-color-text ); font-family: var( --e-global-typography-text-font-family ), Sans-serif; font-size: var( --e-global-typography-text-font-size ); letter-spacing: 0px;\"><b>einer von vier Euros wird in der Steiermark in der Mobilit\u00e4tsindustrie erwirtschaftet<\/b><\/span><span style=\"color: var( --e-global-color-text ); font-family: var( --e-global-typography-text-font-family ), Sans-serif; font-size: var( --e-global-typography-text-font-size ); font-weight: var( --e-global-typography-text-font-weight ); letter-spacing: 0px;\">.<\/span><\/li>\n<\/ul>\t\t\t\t\t\t\t\t<\/div>\n\t\t\t\t<\/div>\n\t\t\t\t\t<\/div>\n\t\t<\/div>\n\t\t\t\t\t<\/div>\n\t\t<\/section>\n\t\t\t\t<section class=\"elementor-section elementor-top-section elementor-element elementor-element-d51fc8f elementor-section-boxed elementor-section-height-default elementor-section-height-default\" data-id=\"d51fc8f\" data-element_type=\"section\" data-e-type=\"section\" data-settings=\"{&quot;jet_parallax_layout_list&quot;:[{&quot;jet_parallax_layout_image&quot;:{&quot;url&quot;:&quot;&quot;,&quot;id&quot;:&quot;&quot;,&quot;size&quot;:&quot;&quot;},&quot;_id&quot;:&quot;282328b&quot;,&quot;jet_parallax_layout_image_tablet&quot;:{&quot;url&quot;:&quot;&quot;,&quot;id&quot;:&quot;&quot;,&quot;size&quot;:&quot;&quot;},&quot;jet_parallax_layout_image_mobile&quot;:{&quot;url&quot;:&quot;&quot;,&quot;id&quot;:&quot;&quot;,&quot;size&quot;:&quot;&quot;},&quot;jet_parallax_layout_speed&quot;:{&quot;unit&quot;:&quot;%&quot;,&quot;size&quot;:50,&quot;sizes&quot;:[]},&quot;jet_parallax_layout_type&quot;:&quot;scroll&quot;,&quot;jet_parallax_layout_direction&quot;:&quot;1&quot;,&quot;jet_parallax_layout_fx_direction&quot;:null,&quot;jet_parallax_layout_z_index&quot;:&quot;&quot;,&quot;jet_parallax_layout_bg_x&quot;:50,&quot;jet_parallax_layout_bg_x_tablet&quot;:&quot;&quot;,&quot;jet_parallax_layout_bg_x_mobile&quot;:&quot;&quot;,&quot;jet_parallax_layout_bg_y&quot;:50,&quot;jet_parallax_layout_bg_y_tablet&quot;:&quot;&quot;,&quot;jet_parallax_layout_bg_y_mobile&quot;:&quot;&quot;,&quot;jet_parallax_layout_bg_size&quot;:&quot;auto&quot;,&quot;jet_parallax_layout_bg_size_tablet&quot;:&quot;&quot;,&quot;jet_parallax_layout_bg_size_mobile&quot;:&quot;&quot;,&quot;jet_parallax_layout_animation_prop&quot;:&quot;transform&quot;,&quot;jet_parallax_layout_on&quot;:[&quot;desktop&quot;,&quot;tablet&quot;]}]}\">\n\t\t\t\t\t\t<div class=\"elementor-container elementor-column-gap-default\">\n\t\t\t\t\t<div class=\"elementor-column elementor-col-50 elementor-top-column elementor-element elementor-element-9007555\" data-id=\"9007555\" data-element_type=\"column\" data-e-type=\"column\">\n\t\t\t<div class=\"elementor-widget-wrap elementor-element-populated\">\n\t\t\t\t\t\t<div class=\"elementor-element elementor-element-4f93d9c elementor-widget elementor-widget-text-editor\" data-id=\"4f93d9c\" data-element_type=\"widget\" data-e-type=\"widget\" data-widget_type=\"text-editor.default\">\n\t\t\t\t<div class=\"elementor-widget-container\">\n\t\t\t\t\t\t\t\t\t<p><span style=\"font-weight: bold;\"> DREI BRANCHEN, EIN CLUSTER<\/span><\/p><p><span style=\"font-weight: bold;\"><img decoding=\"async\" class=\"alignnone  wp-image-4889\" src=\"https:\/\/acstyria.com\/wp-content\/uploads\/AC-Styria-ICON_1_kl.png\" alt=\"\" width=\"37\" height=\"37\" \/><\/span><span style=\"color: var( --e-global-color-text ); font-family: var( --e-global-typography-text-font-family ), Sans-serif; font-size: var( --e-global-typography-text-font-size ); letter-spacing: 0px;\"><b>\u00a0 Automotive\u00a0\u00a0<\/b><\/span><\/p><p>Mit \u00fcber 180 Partnerunternehmen ist das Kompetenzfeld Automotive seit Jahren treibender Wirtschafts- und Innovationsmotor der Steiermark. Das Know-how reicht von der Herstellung und Bearbeitung von Rohmaterialien und Komponenten \u00fcber Forschung &amp; Entwicklung bis hin zur Herstellung kompletter Fahrzeuge.<\/p><p><span style=\"font-weight: bold;\"><img decoding=\"async\" class=\" wp-image-4891 alignnone\" src=\"https:\/\/acstyria.com\/wp-content\/uploads\/AC-Styria-ICON_3_kl.png\" alt=\"\" width=\"37\" height=\"37\" \/><\/span><span style=\"color: var( --e-global-color-text ); font-family: var( --e-global-typography-text-font-family ), Sans-serif; font-size: var( --e-global-typography-text-font-size ); letter-spacing: 0px;\"><b>\u00a0 Rail Systems\u00a0\u00a0<\/b><\/span><\/p><p>Mit gro\u00dfen Systemlieferanten, hochqualifizierten Nischenspezialisten und weltweit f\u00fchrenden Forchungseinrichtungen z\u00e4hlt das Kompetenzfeld Rail zu einer seit Jahren dynamisch wachsenden Branche. Der ACstyria vernetzt Partnerunternehmen in den Schwerpunkten Rolling Stock, Fahrweg und Signaltechnik.<\/p><p><span style=\"font-weight: bold;\"><img decoding=\"async\" class=\"alignnone  wp-image-4890\" src=\"https:\/\/acstyria.com\/wp-content\/uploads\/AC-Styria-ICON_2_kl.png\" alt=\"\" width=\"37\" height=\"37\" \/><\/span><span style=\"color: var( --e-global-color-text ); font-family: var( --e-global-typography-text-font-family ), Sans-serif; font-size: var( --e-global-typography-text-font-size ); letter-spacing: 0px;\"><b>\u00a0 Aerospace\u00a0\u00a0<\/b><\/span><\/p><p>Mehr als 80 steirische Unternehmen erwirtschaften in der Luft- und Raumfahrt Ums\u00e4tze von \u00fcber 650 Millionen \u20ac pro Jahr und besch\u00e4ftigen rund 3.000 Mitarbeiterinnen und Mitarbeiter. Die inhaltlichen Schwerpunkte liegen in den Bereichen Cabin Interiors, Strukturbauteile, Antriebsstrang, Materialien und Leichtbau.<\/p><p><span style=\"color: var( --e-global-color-text ); font-family: var( --e-global-typography-text-font-family ), Sans-serif; font-size: var( --e-global-typography-text-font-size ); font-weight: var( --e-global-typography-text-font-weight ); letter-spacing: 0px;\">\u00a0<\/span><span style=\"font-weight: bold; color: var( --e-global-color-text ); font-family: var( --e-global-typography-text-font-family ), Sans-serif; font-size: var( --e-global-typography-text-font-size ); letter-spacing: 0px;\">UNSERE GESCHICHTE<\/span><\/p><p><span style=\"color: var( --e-global-color-text ); font-family: var( --e-global-typography-text-font-family ), Sans-serif; font-size: var( --e-global-typography-text-font-size ); font-weight: var( --e-global-typography-text-font-weight ); letter-spacing: 0px;\">Im Jahr 1995 startete mit der Gr\u00fcndung des ACstyria in der Steiermark eine Erfolgsgeschichte:\u00a0<\/span><span style=\"color: var( --e-global-color-text ); font-family: var( --e-global-typography-text-font-family ), Sans-serif; font-size: var( --e-global-typography-text-font-size ); font-weight: var( --e-global-typography-text-font-weight ); letter-spacing: 0px;\">Aus den damaligen drei Leitunternehmen AVL List, Steyr Daimler Puch Fahrzeugtechnik und dem Chrysler Eurostar Werk entwickelte sich der ACstyria Mobilit\u00e4tscluster mit \u00fcber 300 Partnern aus den Bereichen Automotive, Rail Systems und Aerospace \u2013 mit \u00fcber 70.000 MitarbeiterInnen und 17 Mrd. \u20ac Umsatz.\u00a0<\/span><span style=\"color: var( --e-global-color-text ); font-family: var( --e-global-typography-text-font-family ), Sans-serif; font-size: var( --e-global-typography-text-font-size ); letter-spacing: 0px; font-weight: bold;\">F&amp;E Quote heute: 12 %!<\/span><\/p>\t\t\t\t\t\t\t\t<\/div>\n\t\t\t\t<\/div>\n\t\t\t\t<div class=\"elementor-element elementor-element-fab6a7e elementor-widget elementor-widget-video\" data-id=\"fab6a7e\" data-element_type=\"widget\" data-e-type=\"widget\" data-settings=\"{&quot;video_type&quot;:&quot;hosted&quot;,&quot;controls&quot;:&quot;yes&quot;}\" data-widget_type=\"video.default\">\n\t\t\t\t<div class=\"elementor-widget-container\">\n\t\t\t\t\t\t\t<div class=\"e-hosted-video elementor-wrapper elementor-open-inline\">\n\t\t\t\t\t<video class=\"elementor-video\" src=\"https:\/\/acstyria.at\/wp-content\/uploads\/201104_Sth_25_Jahre_Autocluster.mp4\" controls=\"\" preload=\"metadata\" controlsList=\"nodownload\"><\/video>\n\t\t\t\t<\/div>\n\t\t\t\t\t\t<\/div>\n\t\t\t\t<\/div>\n\t\t\t\t<div class=\"elementor-element elementor-element-c08447d elementor-widget elementor-widget-text-editor\" data-id=\"c08447d\" data-element_type=\"widget\" data-e-type=\"widget\" data-widget_type=\"text-editor.default\">\n\t\t\t\t<div class=\"elementor-widget-container\">\n\t\t\t\t\t\t\t\t\t<p>ORF Steiermark berichtete in einem Brennpunkt am 4. November 2020 \u00fcber die <i>bewegte<\/i>\u00a025-j\u00e4hrige Geschichte\u00a0 des ACstyria, vom <em>steirischen Autocluster<\/em> zum <em>Mobilit\u00e4tscluster<\/em>.<\/p>\t\t\t\t\t\t\t\t<\/div>\n\t\t\t\t<\/div>\n\t\t\t\t\t<\/div>\n\t\t<\/div>\n\t\t\t\t<div class=\"elementor-column elementor-col-50 elementor-top-column elementor-element elementor-element-f23b1df\" data-id=\"f23b1df\" data-element_type=\"column\" data-e-type=\"column\">\n\t\t\t<div class=\"elementor-widget-wrap elementor-element-populated\">\n\t\t\t\t\t\t<div class=\"elementor-element elementor-element-be1c2c4 elementor-widget elementor-widget-image\" data-id=\"be1c2c4\" data-element_type=\"widget\" data-e-type=\"widget\" data-widget_type=\"image.default\">\n\t\t\t\t<div class=\"elementor-widget-container\">\n\t\t\t\t\t\t\t\t\t\t\t\t<figure class=\"wp-caption\">\n\t\t\t\t\t\t\t\t\t\t<img loading=\"lazy\" decoding=\"async\" width=\"767\" height=\"267\" src=\"https:\/\/dev.acstyria.at\/wp-content\/uploads\/Meilensteine-ACs_ohne-Titel.jpg\" class=\"attachment-large size-large wp-image-3914\" alt=\"ACstyria Meilensteine\" srcset=\"https:\/\/dev.acstyria.at\/wp-content\/uploads\/Meilensteine-ACs_ohne-Titel.jpg 767w, https:\/\/dev.acstyria.at\/wp-content\/uploads\/Meilensteine-ACs_ohne-Titel-300x104.jpg 300w, https:\/\/dev.acstyria.at\/wp-content\/uploads\/Meilensteine-ACs_ohne-Titel-600x209.jpg 600w\" sizes=\"(max-width: 767px) 100vw, 767px\" \/>\t\t\t\t\t\t\t\t\t\t\t<figcaption class=\"widget-image-caption wp-caption-text\">Meilensteine des ACstyria seit seiner Gr\u00fcndung im Jahr 1995<\/figcaption>\n\t\t\t\t\t\t\t\t\t\t<\/figure>\n\t\t\t\t\t\t\t\t\t<\/div>\n\t\t\t\t<\/div>\n\t\t\t\t<div class=\"elementor-element elementor-element-22b320f elementor-widget elementor-widget-text-editor\" data-id=\"22b320f\" data-element_type=\"widget\" data-e-type=\"widget\" data-widget_type=\"text-editor.default\">\n\t\t\t\t<div class=\"elementor-widget-container\">\n\t\t\t\t\t\t\t\t\t<p><b>UNSERE MISSION F\u00dcR DIE ZUKUNFT<\/b><\/p><p>Neue \u00f6kologische Rahmenbedingungen, ver\u00e4nderte Gesellschaftsstrukturen, neue Kundenschichten und Nutzungskonzepte wie Multimodalit\u00e4t und neue technologische M\u00f6glichkeiten sind f\u00fcr die weltweite Mobilit\u00e4tsindustrie zugleich gro\u00dfe Herausforderung und Chance. Die Transformation der Branche zu neuen Services, Produkten und Technologien gilt es unter Einbeziehung internationaler Netzwerke f\u00fcr den wirtschaftlichen Erfolg der Steiermark zu nutzen.<\/p><p><b>DIE HERAUSFORDERUNG<\/b><\/p><p>Neue \u00f6kologische Rahmenbedingungen, ver\u00e4nderte Gesellschaftsstrukturen, neue Kundenschichten und Nutzungskonzepte wie Multimodalit\u00e4t und neue technologische M\u00f6glichkeiten sind f\u00fcr die weltweite Mobilit\u00e4tsindustrie zugleich gro\u00dfe Herausforderung und Chance. Die Transformation der Branche zu neuen Services, Produkten und Technologien gilt es unter Einbeziehung internationaler Netzwerke f\u00fcr den wirtschaftlichen Erfolg der Steiermark zu nutzen.<\/p>\t\t\t\t\t\t\t\t<\/div>\n\t\t\t\t<\/div>\n\t\t\t\t\t<\/div>\n\t\t<\/div>\n\t\t\t\t\t<\/div>\n\t\t<\/section>\n\t\t\t\t<\/div>\n\t\t","protected":false},"excerpt":{"rendered":"<p>\u00dcBER DEN ACSTYRIA WER WIR SIND Der Mobilit\u00e4tscluster ACstyria repr\u00e4sentiert ein Netzwerk von \u00fcber 300 Unternehmen in den Bereichen Automotive, Aerospace und Rail Systems \u2013 mit \u00fcber 70.000 Mitarbeitern und einem Gesamtumsatz von mehr als 17 Milliarden Euro.\u00a0 Kernleistung des seit 1995 bestehenden Clusters ist die Vernetzung und Unterst\u00fctzung steirischer Unternehmen entlang der gesamten Wertsch\u00f6pfungskette. [&hellip;]<\/p>\n","protected":false},"author":1,"featured_media":0,"parent":112,"menu_order":1,"comment_status":"closed","ping_status":"closed","template":"elementor_header_footer","meta":{"footnotes":""},"class_list":["post-352","page","type-page","status-publish","hentry"],"_links":{"self":[{"href":"https:\/\/dev.acstyria.at\/en\/wp-json\/wp\/v2\/pages\/352","targetHints":{"allow":["GET"]}}],"collection":[{"href":"https:\/\/dev.acstyria.at\/en\/wp-json\/wp\/v2\/pages"}],"about":[{"href":"https:\/\/dev.acstyria.at\/en\/wp-json\/wp\/v2\/types\/page"}],"author":[{"embeddable":true,"href":"https:\/\/dev.acstyria.at\/en\/wp-json\/wp\/v2\/users\/1"}],"replies":[{"embeddable":true,"href":"https:\/\/dev.acstyria.at\/en\/wp-json\/wp\/v2\/comments?post=352"}],"version-history":[{"count":10,"href":"https:\/\/dev.acstyria.at\/en\/wp-json\/wp\/v2\/pages\/352\/revisions"}],"predecessor-version":[{"id":4894,"href":"https:\/\/dev.acstyria.at\/en\/wp-json\/wp\/v2\/pages\/352\/revisions\/4894"}],"up":[{"embeddable":true,"href":"https:\/\/dev.acstyria.at\/en\/wp-json\/wp\/v2\/pages\/112"}],"wp:attachment":[{"href":"https:\/\/dev.acstyria.at\/en\/wp-json\/wp\/v2\/media?parent=352"}],"curies":[{"name":"wp","href":"https:\/\/api.w.org\/{rel}","templated":true}]}}