{"id":367,"date":"2021-01-04T14:39:12","date_gmt":"2021-01-04T13:39:12","guid":{"rendered":"https:\/\/acstyria.at\/?page_id=367"},"modified":"2021-03-16T07:35:24","modified_gmt":"2021-03-16T06:35:24","slug":"gesellschafter","status":"publish","type":"page","link":"https:\/\/dev.acstyria.at\/en\/netzwerk\/gesellschafter\/","title":{"rendered":"Gesellschafter"},"content":{"rendered":"\t\t<div data-elementor-type=\"wp-page\" data-elementor-id=\"367\" class=\"elementor elementor-367\" data-elementor-post-type=\"page\">\n\t\t\t\t\t\t<section class=\"elementor-section elementor-top-section elementor-element elementor-element-d37c61d elementor-section-boxed elementor-section-height-default elementor-section-height-default\" data-id=\"d37c61d\" data-element_type=\"section\" data-e-type=\"section\" data-settings=\"{&quot;jet_parallax_layout_list&quot;:[{&quot;jet_parallax_layout_image&quot;:{&quot;url&quot;:&quot;&quot;,&quot;id&quot;:&quot;&quot;,&quot;size&quot;:&quot;&quot;},&quot;_id&quot;:&quot;68c7a63&quot;,&quot;jet_parallax_layout_image_tablet&quot;:{&quot;url&quot;:&quot;&quot;,&quot;id&quot;:&quot;&quot;,&quot;size&quot;:&quot;&quot;},&quot;jet_parallax_layout_image_mobile&quot;:{&quot;url&quot;:&quot;&quot;,&quot;id&quot;:&quot;&quot;,&quot;size&quot;:&quot;&quot;},&quot;jet_parallax_layout_speed&quot;:{&quot;unit&quot;:&quot;%&quot;,&quot;size&quot;:50,&quot;sizes&quot;:[]},&quot;jet_parallax_layout_type&quot;:&quot;scroll&quot;,&quot;jet_parallax_layout_direction&quot;:&quot;1&quot;,&quot;jet_parallax_layout_fx_direction&quot;:null,&quot;jet_parallax_layout_z_index&quot;:&quot;&quot;,&quot;jet_parallax_layout_bg_x&quot;:50,&quot;jet_parallax_layout_bg_x_tablet&quot;:&quot;&quot;,&quot;jet_parallax_layout_bg_x_mobile&quot;:&quot;&quot;,&quot;jet_parallax_layout_bg_y&quot;:50,&quot;jet_parallax_layout_bg_y_tablet&quot;:&quot;&quot;,&quot;jet_parallax_layout_bg_y_mobile&quot;:&quot;&quot;,&quot;jet_parallax_layout_bg_size&quot;:&quot;auto&quot;,&quot;jet_parallax_layout_bg_size_tablet&quot;:&quot;&quot;,&quot;jet_parallax_layout_bg_size_mobile&quot;:&quot;&quot;,&quot;jet_parallax_layout_animation_prop&quot;:&quot;transform&quot;,&quot;jet_parallax_layout_on&quot;:[&quot;desktop&quot;,&quot;tablet&quot;]}],&quot;background_background&quot;:&quot;classic&quot;}\">\n\t\t\t\t\t\t\t<div class=\"elementor-background-overlay\"><\/div>\n\t\t\t\t\t\t\t<div class=\"elementor-container elementor-column-gap-default\">\n\t\t\t\t\t<div class=\"elementor-column elementor-col-25 elementor-top-column elementor-element elementor-element-8bc46e6\" data-id=\"8bc46e6\" data-element_type=\"column\" data-e-type=\"column\">\n\t\t\t<div class=\"elementor-widget-wrap elementor-element-populated\">\n\t\t\t\t\t\t<div class=\"elementor-element elementor-element-554d1cf elementor-widget elementor-widget-image\" data-id=\"554d1cf\" data-element_type=\"widget\" data-e-type=\"widget\" data-widget_type=\"image.default\">\n\t\t\t\t<div class=\"elementor-widget-container\">\n\t\t\t\t\t\t\t\t\t\t\t\t\t\t\t\t<a href=\"https:\/\/www.avl.com\/?groupId=10138&#038;avlregion=GLOBAL\" target=\"_blank\">\n\t\t\t\t\t\t\t<img decoding=\"async\" width=\"117\" height=\"50\" src=\"https:\/\/dev.acstyria.at\/wp-content\/uploads\/AVL_LOgo_117x50.png\" class=\"attachment-thumbnail size-thumbnail wp-image-3798\" alt=\"\" \/>\t\t\t\t\t\t\t\t<\/a>\n\t\t\t\t\t\t\t\t\t\t\t\t\t\t\t<\/div>\n\t\t\t\t<\/div>\n\t\t\t\t<div class=\"elementor-element elementor-element-cbda988 elementor-widget elementor-widget-text-editor\" data-id=\"cbda988\" data-element_type=\"widget\" data-e-type=\"widget\" data-widget_type=\"text-editor.default\">\n\t\t\t\t<div class=\"elementor-widget-container\">\n\t\t\t\t\t\t\t\t\t<p><a href=\"https:\/\/www.avl.com\/?groupId=10138&amp;avlregion=GLOBAL\" target=\"_blank\" rel=\"noopener\">AVL<\/a> ist das weltweit gr\u00f6\u00dfte, unabh\u00e4ngige Unternehmen f\u00fcr die Entwicklung, Simulation und Pr\u00fcftechnik von Antriebssystemen (Hybrid, Verbrennungsmotoren, Getriebe, Elektromotoren, Batterien und Software) f\u00fcr Pkw, Nutzfahrzeuge und Gro\u00dfmotoren.<\/p>\t\t\t\t\t\t\t\t<\/div>\n\t\t\t\t<\/div>\n\t\t\t\t\t<\/div>\n\t\t<\/div>\n\t\t\t\t<div class=\"elementor-column elementor-col-25 elementor-top-column elementor-element elementor-element-274fd18\" data-id=\"274fd18\" data-element_type=\"column\" data-e-type=\"column\">\n\t\t\t<div class=\"elementor-widget-wrap elementor-element-populated\">\n\t\t\t\t\t\t<div class=\"elementor-element elementor-element-3985777 elementor-widget elementor-widget-image\" data-id=\"3985777\" data-element_type=\"widget\" data-e-type=\"widget\" data-widget_type=\"image.default\">\n\t\t\t\t<div class=\"elementor-widget-container\">\n\t\t\t\t\t\t\t\t\t\t\t\t\t\t\t\t<a href=\"https:\/\/www.krenhof.at\" target=\"_blank\">\n\t\t\t\t\t\t\t<img decoding=\"async\" width=\"235\" height=\"50\" src=\"https:\/\/dev.acstyria.at\/wp-content\/uploads\/Krenhof_Logo_235_50.png\" class=\"attachment-full size-full wp-image-3800\" alt=\"\" srcset=\"https:\/\/dev.acstyria.at\/wp-content\/uploads\/Krenhof_Logo_235_50.png 235w, https:\/\/dev.acstyria.at\/wp-content\/uploads\/Krenhof_Logo_235_50-230x50.png 230w\" sizes=\"(max-width: 235px) 100vw, 235px\" \/>\t\t\t\t\t\t\t\t<\/a>\n\t\t\t\t\t\t\t\t\t\t\t\t\t\t\t<\/div>\n\t\t\t\t<\/div>\n\t\t\t\t<div class=\"elementor-element elementor-element-9c25edb elementor-widget elementor-widget-text-editor\" data-id=\"9c25edb\" data-element_type=\"widget\" data-e-type=\"widget\" data-widget_type=\"text-editor.default\">\n\t\t\t\t<div class=\"elementor-widget-container\">\n\t\t\t\t\t\t\t\t\t<p><a href=\"https:\/\/www.krenhof.at\" target=\"_blank\" rel=\"noopener\">KRENHOF<\/a> erzeugt seit \u00fcber 300 Jahren geschmiedetes Handwerkzeug.<br \/>Wir sind als Hersteller deshalb bis heute erfolgreich, weil wir immer bem\u00fcht waren, die Qualit\u00e4tsvorstellungen unserer Kunden zu erkennen und in unseren Produkten zu verwirklichen.<\/p>\t\t\t\t\t\t\t\t<\/div>\n\t\t\t\t<\/div>\n\t\t\t\t\t<\/div>\n\t\t<\/div>\n\t\t\t\t<div class=\"elementor-column elementor-col-25 elementor-top-column elementor-element elementor-element-f37d66b\" data-id=\"f37d66b\" data-element_type=\"column\" data-e-type=\"column\">\n\t\t\t<div class=\"elementor-widget-wrap elementor-element-populated\">\n\t\t\t\t\t\t<div class=\"elementor-element elementor-element-0848b8c elementor-widget elementor-widget-image\" data-id=\"0848b8c\" data-element_type=\"widget\" data-e-type=\"widget\" data-widget_type=\"image.default\">\n\t\t\t\t<div class=\"elementor-widget-container\">\n\t\t\t\t\t\t\t\t\t\t\t\t\t\t\t\t<a href=\"https:\/\/www.pierermobility.com\/\" target=\"_blank\">\n\t\t\t\t\t\t\t<img decoding=\"async\" width=\"178\" height=\"50\" src=\"https:\/\/dev.acstyria.at\/wp-content\/uploads\/Pierer_Mobility_178x50.png\" class=\"attachment-full size-full wp-image-3801\" alt=\"\" \/>\t\t\t\t\t\t\t\t<\/a>\n\t\t\t\t\t\t\t\t\t\t\t\t\t\t\t<\/div>\n\t\t\t\t<\/div>\n\t\t\t\t<div class=\"elementor-element elementor-element-b68ed32 elementor-widget elementor-widget-text-editor\" data-id=\"b68ed32\" data-element_type=\"widget\" data-e-type=\"widget\" data-widget_type=\"text-editor.default\">\n\t\t\t\t<div class=\"elementor-widget-container\">\n\t\t\t\t\t\t\t\t\t<p>Die <a href=\"https:\/\/www.pierermobility.com\/\" target=\"_blank\" rel=\"noopener\">Pierer Mobility AG<\/a> ist der gr\u00f6\u00dfte europ\u00e4ische Motorradhersteller mit dem Fokus auf hochinnovative Sportmotorr\u00e4der und Elektromobilit\u00e4t. Mit ihren weltweit bekannten Marken KTM, Husqvarna Motorcycles und WP z\u00e4hlt sie in ihren Segmenten jeweils zu den Technologie- und Marktf\u00fchrern.<\/p>\t\t\t\t\t\t\t\t<\/div>\n\t\t\t\t<\/div>\n\t\t\t\t\t<\/div>\n\t\t<\/div>\n\t\t\t\t<div class=\"elementor-column elementor-col-25 elementor-top-column elementor-element elementor-element-daa3121\" data-id=\"daa3121\" data-element_type=\"column\" data-e-type=\"column\">\n\t\t\t<div class=\"elementor-widget-wrap elementor-element-populated\">\n\t\t\t\t\t\t<div class=\"elementor-element elementor-element-24d76ba elementor-widget elementor-widget-image\" data-id=\"24d76ba\" data-element_type=\"widget\" data-e-type=\"widget\" data-widget_type=\"image.default\">\n\t\t\t\t<div class=\"elementor-widget-container\">\n\t\t\t\t\t\t\t\t\t\t\t\t\t\t\t\t<a href=\"https:\/\/www.magna.com\/de\" target=\"_blank\">\n\t\t\t\t\t\t\t<img loading=\"lazy\" decoding=\"async\" width=\"243\" height=\"50\" src=\"https:\/\/dev.acstyria.at\/wp-content\/uploads\/Magna_Logo_243x50.png\" class=\"attachment-full size-full wp-image-3802\" alt=\"\" \/>\t\t\t\t\t\t\t\t<\/a>\n\t\t\t\t\t\t\t\t\t\t\t\t\t\t\t<\/div>\n\t\t\t\t<\/div>\n\t\t\t\t<div class=\"elementor-element elementor-element-ff8e159 elementor-widget elementor-widget-text-editor\" data-id=\"ff8e159\" data-element_type=\"widget\" data-e-type=\"widget\" data-widget_type=\"text-editor.default\">\n\t\t\t\t<div class=\"elementor-widget-container\">\n\t\t\t\t\t\t\t\t\t<p>\u00dcber 100 Jahre Erfahrung in der Fahrzeugproduktion und ein breites Serviceangebot machen <a href=\"https:\/\/www.magna.com\/de\" target=\"_blank\" rel=\"noopener\">Magna Steyr<\/a> zum weltweit f\u00fchrenden markenunabh\u00e4ngigen Entwicklungs- und Fertigungspartner f\u00fcr OEMs.<\/p>\t\t\t\t\t\t\t\t<\/div>\n\t\t\t\t<\/div>\n\t\t\t\t\t<\/div>\n\t\t<\/div>\n\t\t\t\t\t<\/div>\n\t\t<\/section>\n\t\t\t\t<section class=\"elementor-section elementor-top-section elementor-element elementor-element-f2cd60e elementor-section-boxed elementor-section-height-default elementor-section-height-default\" data-id=\"f2cd60e\" data-element_type=\"section\" data-e-type=\"section\" data-settings=\"{&quot;jet_parallax_layout_list&quot;:[{&quot;jet_parallax_layout_image&quot;:{&quot;url&quot;:&quot;&quot;,&quot;id&quot;:&quot;&quot;,&quot;size&quot;:&quot;&quot;},&quot;_id&quot;:&quot;68c7a63&quot;,&quot;jet_parallax_layout_image_tablet&quot;:{&quot;url&quot;:&quot;&quot;,&quot;id&quot;:&quot;&quot;,&quot;size&quot;:&quot;&quot;},&quot;jet_parallax_layout_image_mobile&quot;:{&quot;url&quot;:&quot;&quot;,&quot;id&quot;:&quot;&quot;,&quot;size&quot;:&quot;&quot;},&quot;jet_parallax_layout_speed&quot;:{&quot;unit&quot;:&quot;%&quot;,&quot;size&quot;:50,&quot;sizes&quot;:[]},&quot;jet_parallax_layout_type&quot;:&quot;scroll&quot;,&quot;jet_parallax_layout_direction&quot;:&quot;1&quot;,&quot;jet_parallax_layout_fx_direction&quot;:null,&quot;jet_parallax_layout_z_index&quot;:&quot;&quot;,&quot;jet_parallax_layout_bg_x&quot;:50,&quot;jet_parallax_layout_bg_x_tablet&quot;:&quot;&quot;,&quot;jet_parallax_layout_bg_x_mobile&quot;:&quot;&quot;,&quot;jet_parallax_layout_bg_y&quot;:50,&quot;jet_parallax_layout_bg_y_tablet&quot;:&quot;&quot;,&quot;jet_parallax_layout_bg_y_mobile&quot;:&quot;&quot;,&quot;jet_parallax_layout_bg_size&quot;:&quot;auto&quot;,&quot;jet_parallax_layout_bg_size_tablet&quot;:&quot;&quot;,&quot;jet_parallax_layout_bg_size_mobile&quot;:&quot;&quot;,&quot;jet_parallax_layout_animation_prop&quot;:&quot;transform&quot;,&quot;jet_parallax_layout_on&quot;:[&quot;desktop&quot;,&quot;tablet&quot;]}],&quot;background_background&quot;:&quot;classic&quot;}\">\n\t\t\t\t\t\t<div class=\"elementor-container elementor-column-gap-default\">\n\t\t\t\t\t<div class=\"elementor-column elementor-col-25 elementor-top-column elementor-element elementor-element-a58a1b4\" data-id=\"a58a1b4\" data-element_type=\"column\" data-e-type=\"column\">\n\t\t\t<div class=\"elementor-widget-wrap elementor-element-populated\">\n\t\t\t\t\t\t<div class=\"elementor-element elementor-element-3506206 elementor-widget elementor-widget-image\" data-id=\"3506206\" data-element_type=\"widget\" data-e-type=\"widget\" data-widget_type=\"image.default\">\n\t\t\t\t<div class=\"elementor-widget-container\">\n\t\t\t\t\t\t\t\t\t\t\t\t\t\t\t\t<a href=\"https:\/\/www.sfg.at\/\" target=\"_blank\">\n\t\t\t\t\t\t\t<img loading=\"lazy\" decoding=\"async\" width=\"117\" height=\"50\" src=\"https:\/\/dev.acstyria.at\/wp-content\/uploads\/SFG-Logo-6cm-mit-Claim_4C_117x50.png\" class=\"attachment-full size-full wp-image-3807\" alt=\"\" \/>\t\t\t\t\t\t\t\t<\/a>\n\t\t\t\t\t\t\t\t\t\t\t\t\t\t\t<\/div>\n\t\t\t\t<\/div>\n\t\t\t\t<div class=\"elementor-element elementor-element-aab90a7 elementor-widget elementor-widget-text-editor\" data-id=\"aab90a7\" data-element_type=\"widget\" data-e-type=\"widget\" data-widget_type=\"text-editor.default\">\n\t\t\t\t<div class=\"elementor-widget-container\">\n\t\t\t\t\t\t\t\t\t<p>Neues Denken. Neues F\u00f6rdern. Wir beschleunigen den Erfolg steirischer Unternehmen: Durch F\u00f6rderungs- und Finanzierungsaktionen sowie Innovations- und Technologie-Beratung. Die <a href=\"https:\/\/www.sfg.at\/\" target=\"_blank\" rel=\"noopener\">SFG &#8211; Steirische Wirtschsaftsf\u00f6rderung<\/a> arbeitet f\u00fcr Unternehmerinnen und Unternehmer rasch, einfach und unb\u00fcrokratisch, damit Sie fast forward kommen. Wir unterst\u00fctzen Sie auch bei neuen Wirtschaftsstrategien, Innovationen und Investitionsvorhaben.<\/p>\t\t\t\t\t\t\t\t<\/div>\n\t\t\t\t<\/div>\n\t\t\t\t\t<\/div>\n\t\t<\/div>\n\t\t\t\t<div class=\"elementor-column elementor-col-25 elementor-top-column elementor-element elementor-element-a51d322\" data-id=\"a51d322\" data-element_type=\"column\" data-e-type=\"column\">\n\t\t\t<div class=\"elementor-widget-wrap elementor-element-populated\">\n\t\t\t\t\t\t<div class=\"elementor-element elementor-element-a44f07e elementor-widget elementor-widget-image\" data-id=\"a44f07e\" data-element_type=\"widget\" data-e-type=\"widget\" data-widget_type=\"image.default\">\n\t\t\t\t<div class=\"elementor-widget-container\">\n\t\t\t\t\t\t\t\t\t\t\t\t\t\t\t\t<a href=\"https:\/\/www.tcm-international.com\/\" target=\"_blank\">\n\t\t\t\t\t\t\t<img loading=\"lazy\" decoding=\"async\" width=\"160\" height=\"50\" src=\"https:\/\/dev.acstyria.at\/wp-content\/uploads\/TCM_Logo_160x50.png\" class=\"attachment-full size-full wp-image-3809\" alt=\"\" \/>\t\t\t\t\t\t\t\t<\/a>\n\t\t\t\t\t\t\t\t\t\t\t\t\t\t\t<\/div>\n\t\t\t\t<\/div>\n\t\t\t\t<div class=\"elementor-element elementor-element-a77a854 elementor-widget elementor-widget-text-editor\" data-id=\"a77a854\" data-element_type=\"widget\" data-e-type=\"widget\" data-widget_type=\"text-editor.default\">\n\t\t\t\t<div class=\"elementor-widget-container\">\n\t\t\t\t\t\t\t\t\t<p>Technologieorientiertes und herstellerunabh\u00e4ngiges <a href=\"https:\/\/www.tcm-international.com\/\" target=\"_blank\" rel=\"noopener\">Tool Management<\/a> garantiert unseren Kunden langfristig eine zielf\u00fchrende Werkzeugoptimierung, um mittelfristig Investitionen in Werkzeugmaschinen nachhaltig zu reduzieren oder einzusparen. Getreu unserem Motto \u201ePrecision at Work\u201c wollen wir diese unsere Vision im t\u00e4glichen Dialog und Handeln mit unseren Kunden leben und zum gemeinsamen Erfolg f\u00fchren.\u201c<\/p>\t\t\t\t\t\t\t\t<\/div>\n\t\t\t\t<\/div>\n\t\t\t\t\t<\/div>\n\t\t<\/div>\n\t\t\t\t<div class=\"elementor-column elementor-col-25 elementor-top-column elementor-element elementor-element-0de4392\" data-id=\"0de4392\" data-element_type=\"column\" data-e-type=\"column\">\n\t\t\t<div class=\"elementor-widget-wrap elementor-element-populated\">\n\t\t\t\t\t\t<div class=\"elementor-element elementor-element-02ed7d4 elementor-widget elementor-widget-image\" data-id=\"02ed7d4\" data-element_type=\"widget\" data-e-type=\"widget\" data-widget_type=\"image.default\">\n\t\t\t\t<div class=\"elementor-widget-container\">\n\t\t\t\t\t\t\t\t\t\t\t\t\t\t\t\t<a href=\"https:\/\/www.voestalpine.com\/group\/de\/\" target=\"_blank\">\n\t\t\t\t\t\t\t<img loading=\"lazy\" decoding=\"async\" width=\"136\" height=\"51\" src=\"https:\/\/dev.acstyria.at\/wp-content\/uploads\/v_Logo_CO_136x50.png\" class=\"attachment-thumbnail size-thumbnail wp-image-4558\" alt=\"\" \/>\t\t\t\t\t\t\t\t<\/a>\n\t\t\t\t\t\t\t\t\t\t\t\t\t\t\t<\/div>\n\t\t\t\t<\/div>\n\t\t\t\t<div class=\"elementor-element elementor-element-e9f017c elementor-widget elementor-widget-text-editor\" data-id=\"e9f017c\" data-element_type=\"widget\" data-e-type=\"widget\" data-widget_type=\"text-editor.default\">\n\t\t\t\t<div class=\"elementor-widget-container\">\n\t\t\t\t\t\t\t\t\t<p>Die <a href=\"https:\/\/www.voestalpine.com\/group\/de\/\">voestalpine<\/a> ist ein in seinen Gesch\u00e4ftsbereichen weltweit f\u00fchrender Stahl- und Technologiekonzern mit kombinierter Werkstoff- und Verarbeitungskompetenz. Die global t\u00e4tige Unternehmensgruppe verf\u00fcgt \u00fcber rund 500 Konzerngesellschaften und -standorte in mehr als 50 L\u00e4ndern auf allen f\u00fcnf Kontinenten. Sie notiert seit 1995 an der Wiener B\u00f6rse. Mit ihren qualitativ h\u00f6chstwertigen Produkt- und Systeml\u00f6sungen z\u00e4hlt sie zu den f\u00fchrenden Partnern der Automobil- und Hausger\u00e4teindustrie sowie der Luftfahrt- und \u00d6l- &amp; Gasindustrie und ist dar\u00fcber hinaus Weltmarktf\u00fchrer bei Bahninfrastruktursystemen, bei Werkzeugstahl und Spezialprofilen. Die voestalpine bekennt sich zu den globalen Klimazielen und arbeitet intensiv an Technologien zur Dekarbonisierung und langfristigen Reduktion ihrer CO2-Emissionen.<\/p>\t\t\t\t\t\t\t\t<\/div>\n\t\t\t\t<\/div>\n\t\t\t\t\t<\/div>\n\t\t<\/div>\n\t\t\t\t<div class=\"elementor-column elementor-col-25 elementor-top-column elementor-element elementor-element-aac192f\" data-id=\"aac192f\" data-element_type=\"column\" data-e-type=\"column\">\n\t\t\t<div class=\"elementor-widget-wrap\">\n\t\t\t\t\t\t\t<\/div>\n\t\t<\/div>\n\t\t\t\t\t<\/div>\n\t\t<\/section>\n\t\t\t\t<\/div>\n\t\t","protected":false},"excerpt":{"rendered":"<p>AVL ist das weltweit gr\u00f6\u00dfte, unabh\u00e4ngige Unternehmen f\u00fcr die Entwicklung, Simulation und Pr\u00fcftechnik von Antriebssystemen (Hybrid, Verbrennungsmotoren, Getriebe, Elektromotoren, Batterien und Software) f\u00fcr Pkw, Nutzfahrzeuge und Gro\u00dfmotoren. KRENHOF erzeugt seit \u00fcber 300 Jahren geschmiedetes Handwerkzeug.Wir sind als Hersteller deshalb bis heute erfolgreich, weil wir immer bem\u00fcht waren, die Qualit\u00e4tsvorstellungen unserer Kunden zu erkennen und in [&hellip;]<\/p>\n","protected":false},"author":1,"featured_media":0,"parent":114,"menu_order":2,"comment_status":"closed","ping_status":"closed","template":"elementor_header_footer","meta":{"footnotes":""},"class_list":["post-367","page","type-page","status-publish","hentry"],"_links":{"self":[{"href":"https:\/\/dev.acstyria.at\/en\/wp-json\/wp\/v2\/pages\/367","targetHints":{"allow":["GET"]}}],"collection":[{"href":"https:\/\/dev.acstyria.at\/en\/wp-json\/wp\/v2\/pages"}],"about":[{"href":"https:\/\/dev.acstyria.at\/en\/wp-json\/wp\/v2\/types\/page"}],"author":[{"embeddable":true,"href":"https:\/\/dev.acstyria.at\/en\/wp-json\/wp\/v2\/users\/1"}],"replies":[{"embeddable":true,"href":"https:\/\/dev.acstyria.at\/en\/wp-json\/wp\/v2\/comments?post=367"}],"version-history":[{"count":10,"href":"https:\/\/dev.acstyria.at\/en\/wp-json\/wp\/v2\/pages\/367\/revisions"}],"predecessor-version":[{"id":4570,"href":"https:\/\/dev.acstyria.at\/en\/wp-json\/wp\/v2\/pages\/367\/revisions\/4570"}],"up":[{"embeddable":true,"href":"https:\/\/dev.acstyria.at\/en\/wp-json\/wp\/v2\/pages\/114"}],"wp:attachment":[{"href":"https:\/\/dev.acstyria.at\/en\/wp-json\/wp\/v2\/media?parent=367"}],"curies":[{"name":"wp","href":"https:\/\/api.w.org\/{rel}","templated":true}]}}